{"id":1850,"date":"2025-02-23T14:42:55","date_gmt":"2025-02-23T13:42:55","guid":{"rendered":"https:\/\/crpfusion.com\/impressum\/"},"modified":"2025-03-21T10:23:51","modified_gmt":"2025-03-21T09:23:51","slug":"imprenta","status":"publish","type":"page","link":"https:\/\/crpfusion.com\/es\/imprenta\/","title":{"rendered":"Pie de imprenta"},"content":{"rendered":"\n<h2 class=\"wp-block-heading\">Informaci\u00f3n seg\u00fan \u00a7 5 TMG<\/h2>\n\n<p>CRP Fusion S.R.L. <br\/>9 Alexandru Odobescu Str. <br\/>500271 Bra\u0219ov Rom\u00e2nia <br\/>Tel\u00e9fono:+40 729 642 999<\/p>\n\n<p>Directora Gerente:<br\/>Carmen Szasz &#8211; carmen.szasz@crpfusion.ro <br\/>Director de Operaciones:<br\/>Peter Milczarek peter.milczarek@crpfusion.ro <br\/>N\u00ba de registro J\/8\/976\/2015 <br\/>CIF: RO 34661759 <\/p>\n\n<h2 class=\"wp-block-heading\">Contacta con nosotros<\/h2>\n\n<p>Tel\u00e9fono: +40 729 642 999 Correo electr\u00f3nico: im-print(at)crpfusion.com<\/p>\n\n<h2 class=\"wp-block-heading\">N\u00famero de identificaci\u00f3n fiscal<\/h2>\n\n<p>N\u00famero de identificaci\u00f3n fiscal seg\u00fan el art\u00edculo 27 a de la ley del impuesto sobre las ventas: RO34661759<\/p>\n\n<p>No estamos obligados a participar en un procedimiento de resoluci\u00f3n de litigios ante una junta de arbitraje de consumo.<\/p>\n\n<h2 class=\"wp-block-heading\">Responsabilidad por el contenido<\/h2>\n\n<p>Como proveedor de servicios, somos responsables de nuestro propio contenido en estas p\u00e1ginas de acuerdo con el art\u00edculo 7 (1) de la TMG (Ley alemana de Telemedios) y la legislaci\u00f3n general. Sin embargo, seg\u00fan los \u00a7\u00a7 8 a 10 de la TMG, como proveedor de servicios no estamos obligados a controlar la informaci\u00f3n de terceros transmitida o almacenada, ni a investigar circunstancias que indiquen una actividad ilegal.  <\/p>\n\n<p>Esto no afecta a las obligaciones de eliminar o bloquear el uso de informaci\u00f3n de acuerdo con la legislaci\u00f3n general. Sin embargo, la responsabilidad a este respecto s\u00f3lo ser\u00e1 posible a partir del momento en que tengamos conocimiento de una infracci\u00f3n concreta. Tan pronto como tengamos conocimiento de tales infracciones, eliminaremos este contenido inmediatamente.  <\/p>\n\n<h2 class=\"wp-block-heading\">Responsabilidad de los enlaces<\/h2>\n\n<p>Nuestro sitio web contiene enlaces a sitios web externos de terceros sobre cuyo contenido no tenemos ninguna influencia. Por lo tanto, no podemos aceptar ninguna responsabilidad por este contenido de terceros. El respectivo proveedor u operador de las p\u00e1ginas es siempre responsable del contenido de las p\u00e1ginas enlazadas. Las p\u00e1ginas enlazadas se comprobaron en el momento de enlazarlas para detectar posibles infracciones legales. Los contenidos ilegales no eran reconocibles en el momento de establecer el enlace.    <\/p>\n\n<p>Sin embargo, la supervisi\u00f3n permanente del contenido de las p\u00e1ginas enlazadas no es razonable sin pruebas concretas de una infracci\u00f3n. Si tenemos conocimiento de alguna infracci\u00f3n legal, eliminaremos dichos enlaces inmediatamente. <\/p>\n\n<h2 class=\"wp-block-heading\">Protecci\u00f3n de los derechos de autor<\/h2>\n\n<p>El contenido y las obras creadas por los operadores del sitio en estas p\u00e1ginas est\u00e1n sujetos a la legislaci\u00f3n alemana sobre derechos de autor. La duplicaci\u00f3n, procesamiento, distribuci\u00f3n y cualquier tipo de utilizaci\u00f3n fuera de los l\u00edmites de la ley de derechos de autor requieren el consentimiento por escrito del respectivo autor o creador. Las descargas y copias de este sitio s\u00f3lo est\u00e1n permitidas para uso privado y no comercial.  <\/p>\n\n<p>En la medida en que el contenido de este sitio no haya sido creado por el operador, se respetan los derechos de autor de terceros. En particular, el contenido de terceros est\u00e1 etiquetado como tal. No obstante, si tuvieras conocimiento de una infracci\u00f3n de los derechos de autor, te rogamos que nos lo comuniques. Si tenemos conocimiento de alguna infracci\u00f3n, eliminaremos dicho contenido inmediatamente.   <\/p>\n\n<h2 class=\"wp-block-heading\">Adici\u00f3n<\/h2>\n\n<p>Para evitar disputas legales innecesarias y los costes asociados, te pedimos que te pongas en contacto con nosotros con antelaci\u00f3n utilizando las opciones de comunicaci\u00f3n disponibles aqu\u00ed en caso de que surjan problemas en virtud de la ley de competencia. Al hacerlo, estar\u00e1s cumpliendo con tu deber de minimizar los da\u00f1os de acuerdo con la ley. Si no te pones en contacto con \u00abCRPFUSION\u00bb con antelaci\u00f3n a trav\u00e9s de las opciones de comunicaci\u00f3n disponibles aqu\u00ed, rechazaremos las notas de costes de las advertencias legales como infundadas en el sentido del deber de minimizar los da\u00f1os. Perseguiremos sistem\u00e1ticamente las advertencias abusivas y las notas de costes en este contexto, tanto en virtud del derecho penal como del civil.   <\/p>\n\n<p>Fuente: <a href=\"https:\/\/www.e-recht24.de\/\" target=\"_blank\" rel=\"noopener noreferrer nofollow\">e-recht24.de<\/a><\/p>\n\n<p><\/p>\n","protected":false},"excerpt":{"rendered":"<p>Informaci\u00f3n seg\u00fan \u00a7 5 TMG CRP Fusion S.R.L. 9 Alexandru Odobescu Str. 500271 Bra\u0219ov Rom\u00e2nia Tel\u00e9fono:+40 729 642 999 Directora Gerente:Carmen Szasz &#8211; carmen.szasz@crpfusion.ro Director de Operaciones:Peter Milczarek peter.milczarek@crpfusion.ro N\u00ba de registro J\/8\/976\/2015 CIF: RO 34661759 Contacta con nosotros Tel\u00e9fono: +40 729 642 999 Correo electr\u00f3nico: im-print(at)crpfusion.com N\u00famero de identificaci\u00f3n fiscal N\u00famero de identificaci\u00f3n fiscal [&hellip;]<\/p>\n","protected":false},"author":2,"featured_media":0,"parent":0,"menu_order":3,"comment_status":"closed","ping_status":"closed","template":"","meta":{"slim_seo":{"title":"Pie de imprenta - CRP Fusion - especialistas en pruebas r\u00e1pidas de saliva personalizadas","description":"Informaci\u00f3n seg\u00fan \u00a7 5 TMG CRP Fusion S.R.L. 9 Alexandru Odobescu Str. 500271 Bra\u0219ov Rom\u00e2nia Tel\u00e9fono:+40 729 642 999 Directora Gerente: Carmen Szasz - carmen.sz"},"footnotes":""},"categories":[],"tags":[],"class_list":["post-1850","page","type-page","status-publish","hentry"],"_links":{"self":[{"href":"https:\/\/crpfusion.com\/es\/wp-json\/wp\/v2\/pages\/1850","targetHints":{"allow":["GET"]}}],"collection":[{"href":"https:\/\/crpfusion.com\/es\/wp-json\/wp\/v2\/pages"}],"about":[{"href":"https:\/\/crpfusion.com\/es\/wp-json\/wp\/v2\/types\/page"}],"author":[{"embeddable":true,"href":"https:\/\/crpfusion.com\/es\/wp-json\/wp\/v2\/users\/2"}],"replies":[{"embeddable":true,"href":"https:\/\/crpfusion.com\/es\/wp-json\/wp\/v2\/comments?post=1850"}],"version-history":[{"count":2,"href":"https:\/\/crpfusion.com\/es\/wp-json\/wp\/v2\/pages\/1850\/revisions"}],"predecessor-version":[{"id":1852,"href":"https:\/\/crpfusion.com\/es\/wp-json\/wp\/v2\/pages\/1850\/revisions\/1852"}],"wp:attachment":[{"href":"https:\/\/crpfusion.com\/es\/wp-json\/wp\/v2\/media?parent=1850"}],"wp:term":[{"taxonomy":"category","embeddable":true,"href":"https:\/\/crpfusion.com\/es\/wp-json\/wp\/v2\/categories?post=1850"},{"taxonomy":"post_tag","embeddable":true,"href":"https:\/\/crpfusion.com\/es\/wp-json\/wp\/v2\/tags?post=1850"}],"curies":[{"name":"wp","href":"https:\/\/api.w.org\/{rel}","templated":true}]}}