{"id":659,"date":"2025-02-23T14:42:55","date_gmt":"2025-02-23T13:42:55","guid":{"rendered":"https:\/\/crpfusion.com\/?page_id=659"},"modified":"2025-02-24T17:21:09","modified_gmt":"2025-02-24T16:21:09","slug":"impressum","status":"publish","type":"page","link":"https:\/\/crpfusion.com\/de\/impressum\/","title":{"rendered":"Impressum"},"content":{"rendered":"\n<h2 class=\"wp-block-heading\">Informationen nach \u00a7 5 TMG<\/h2>\n\n\n\n<p>CRP Fusion S.R.L. <br>9 Alexandru Odobescu Str. <br>500271 Bra\u0219ov Rom\u00e2nia <br>Telefon:+40 729 642 999<\/p>\n\n\n\n<p>Managing Director:<br>Carmen Szasz &#8211; carmen.szasz@crpfusion.ro <br>Director Operation:<br>Peter Milczarek peter.milczarek@crpfusion.ro <br>Reg. Nr. J\/8\/976\/2015 <br>VAT: RO 34661759<\/p>\n\n\n\n<h2 class=\"wp-block-heading\">Kontakt<\/h2>\n\n\n\n<p>Telefon: +40 729 642 999 E-Mail: im-print(at)crpfusion.com<\/p>\n\n\n\n<h2 class=\"wp-block-heading\">Umsatzsteuer ID<\/h2>\n\n\n\n<p>Umsatzsteuer-Identifikationsnummer gem\u00e4\u00df \u00a727 a Umsatzsteuergesetz: RO34661759<\/p>\n\n\n\n<p>Wir sind nicht verpflichtet, an einem Streitbeilegungsverfahren vor einer Verbraucherschlichtungsstelle teilzunehmen.<\/p>\n\n\n\n<h2 class=\"wp-block-heading\">Haftung f\u00fcr Inhalte<\/h2>\n\n\n\n<p>Als Dienstanbieter sind wir gem\u00e4\u00df \u00a7 7 Abs.1 TMG f\u00fcr eigene Inhalte auf diesen Seiten nach den allgemeinen Gesetzen verantwortlich. Nach \u00a7\u00a7 8 bis 10 TMG sind wir als Diensteanbieter jedoch nicht verpflichtet, \u00fcbermittelte oder gespeicherte fremde Informationen zu \u00fcberwachen oder nach Umst\u00e4nden zu forschen, die auf eine rechtswidrige T\u00e4tigkeit hinweisen.<\/p>\n\n\n\n<p>Verpflichtungen zur Entfernung oder Sperrung der Nutzung von Informationen nach den allgemeinen Gesetzen bleiben hiervon unber\u00fchrt. Eine diesbez\u00fcgliche Haftung ist jedoch erst ab dem Zeitpunkt der Kenntnis einer konkreten Rechtsverletzung m\u00f6glich. Bei Bekanntwerden von entsprechenden Rechtsverletzungen werden wir diese Inhalte umgehend entfernen.<\/p>\n\n\n\n<h2 class=\"wp-block-heading\">Haftung f\u00fcr Links<\/h2>\n\n\n\n<p>Unser Angebot enth\u00e4lt Links zu externen Webseiten Dritter, auf deren Inhalte wir keinen Einfluss haben. Deshalb k\u00f6nnen wir f\u00fcr diese fremden Inhalte auch keine Gew\u00e4hr \u00fcbernehmen. F\u00fcr die Inhalte der verlinkten Seiten ist stets der jeweilige Anbieter oder Betreiber der Seiten verantwortlich. Die verlinkten Seiten wurden zum Zeitpunkt der Verlinkung auf m\u00f6gliche Rechtsverst\u00f6\u00dfe \u00fcberpr\u00fcft. Rechtswidrige Inhalte waren zum Zeitpunkt der Verlinkung nicht erkennbar.<\/p>\n\n\n\n<p>Eine permanente inhaltliche Kontrolle der verlinkten Seiten ist jedoch ohne konkrete Anhaltspunkte einer Rechtsverletzung nicht zumutbar. Bei Bekanntwerden von Rechtsverletzungen werden wir derartige Links umgehend entfernen.<\/p>\n\n\n\n<h2 class=\"wp-block-heading\">Urheberschutz<\/h2>\n\n\n\n<p>Die durch die Seitenbetreiber erstellten Inhalte und Werke auf diesen Seiten unterliegen dem deutschen Urheberrecht. Die Vervielf\u00e4ltigung, Bearbeitung, Verbreitung und jede Art der Verwertung au\u00dferhalb der Grenzen des Urheberrechtes bed\u00fcrfen der schriftlichen Zustimmung des jeweiligen Autors bzw. Erstellers. Downloads und Kopien dieser Seite sind nur f\u00fcr den privaten, nicht kommerziellen Gebrauch gestattet.<\/p>\n\n\n\n<p>Soweit die Inhalte auf dieser Seite nicht vom Betreiber erstellt wurden, werden die Urheberrechte Dritter beachtet. Insbesondere werden Inhalte Dritter als solche gekennzeichnet. Sollten Sie trotzdem auf eine Urheberrechtsverletzung aufmerksam werden, bitten wir um einen entsprechenden Hinweis. Bei Bekanntwerden von Rechtsverletzungen werden wir derartige Inhalte umgehend entfernen.<\/p>\n\n\n\n<h2 class=\"wp-block-heading\">Zusatz<\/h2>\n\n\n\n<p>Um unn\u00f6tige Rechtsstreitigkeiten und damit verbundene Kosten zu vermeiden, bitten wir Sie, uns im Falle von wettbewerbsrechtlichen Problemen bereits im Vorfeld \u00fcber die hier zur Verf\u00fcgung stehenden Kommunikationsm\u00f6glichkeiten zu kontaktieren. Sie kommen damit Ihrer Pflicht zur Schadensminderung im Sinne des Gesetzes nach. Ohne vorherige Kontaktaufnahme mit \u201eCRPFUSION\u201c \u00fcber die Ihnen hier zur Verf\u00fcgung stehenden Kommunikationsm\u00f6glichkeiten werden Kostennoten von anwaltlichen Abmahnungen bereits jetzt als unbegr\u00fcndet im Sinne der Schadensminderungspflicht zur\u00fcckgewiesen. Wir werden missbr\u00e4uchliche Abmahnungen und Kostennoten in diesem Zusammenhang sowohl straf- als auch zivilrechtlich konsequent verfolgen.<\/p>\n\n\n\n<p>Source:&nbsp;<a href=\"https:\/\/www.e-recht24.de\/\" target=\"_blank\" rel=\"noopener noreferrer nofollow\">e-recht24.de<\/a><\/p>\n\n\n\n<p><\/p>\n","protected":false},"excerpt":{"rendered":"<p>Informationen nach \u00a7 5 TMG CRP Fusion S.R.L. 9 Alexandru Odobescu Str. 500271 Bra\u0219ov Rom\u00e2nia Telefon:+40 729 642 999 Managing Director:Carmen Szasz &#8211; carmen.szasz@crpfusion.ro Director Operation:Peter Milczarek peter.milczarek@crpfusion.ro Reg. Nr. J\/8\/976\/2015 VAT: RO 34661759 Kontakt Telefon: +40 729 642 999 E-Mail: im-print(at)crpfusion.com Umsatzsteuer ID Umsatzsteuer-Identifikationsnummer gem\u00e4\u00df \u00a727 a Umsatzsteuergesetz: RO34661759 Wir sind nicht verpflichtet, an [&hellip;]<\/p>\n","protected":false},"author":2,"featured_media":0,"parent":0,"menu_order":3,"comment_status":"closed","ping_status":"closed","template":"","meta":{"slim_seo":{"title":"Impressum - CRP Fusion - Spezialisten f\u00fcr individuelle Speichelschnelltests","description":"Informationen nach \u00a7 5 TMG CRP Fusion S.R.L. 9 Alexandru Odobescu Str. 500271 Bra\u0219ov Rom\u00e2nia Telefon:+40 729 642 999 Managing Director: Carmen Szasz - carmen.sz"},"footnotes":""},"categories":[],"tags":[],"class_list":["post-659","page","type-page","status-publish","hentry"],"_links":{"self":[{"href":"https:\/\/crpfusion.com\/de\/wp-json\/wp\/v2\/pages\/659","targetHints":{"allow":["GET"]}}],"collection":[{"href":"https:\/\/crpfusion.com\/de\/wp-json\/wp\/v2\/pages"}],"about":[{"href":"https:\/\/crpfusion.com\/de\/wp-json\/wp\/v2\/types\/page"}],"author":[{"embeddable":true,"href":"https:\/\/crpfusion.com\/de\/wp-json\/wp\/v2\/users\/2"}],"replies":[{"embeddable":true,"href":"https:\/\/crpfusion.com\/de\/wp-json\/wp\/v2\/comments?post=659"}],"version-history":[{"count":4,"href":"https:\/\/crpfusion.com\/de\/wp-json\/wp\/v2\/pages\/659\/revisions"}],"predecessor-version":[{"id":1146,"href":"https:\/\/crpfusion.com\/de\/wp-json\/wp\/v2\/pages\/659\/revisions\/1146"}],"wp:attachment":[{"href":"https:\/\/crpfusion.com\/de\/wp-json\/wp\/v2\/media?parent=659"}],"wp:term":[{"taxonomy":"category","embeddable":true,"href":"https:\/\/crpfusion.com\/de\/wp-json\/wp\/v2\/categories?post=659"},{"taxonomy":"post_tag","embeddable":true,"href":"https:\/\/crpfusion.com\/de\/wp-json\/wp\/v2\/tags?post=659"}],"curies":[{"name":"wp","href":"https:\/\/api.w.org\/{rel}","templated":true}]}}